{"id":57,"date":"2023-07-19T10:33:35","date_gmt":"2023-07-19T10:33:35","guid":{"rendered":"https:\/\/ensemblewieczorek.at\/index.php\/home\/"},"modified":"2025-12-11T15:05:35","modified_gmt":"2025-12-11T15:05:35","slug":"home","status":"publish","type":"page","link":"https:\/\/ensemblewieczorek.at\/","title":{"rendered":"Akkordeonensemble Wieczorek"},"content":{"rendered":"\t\t<div data-elementor-type=\"wp-page\" data-elementor-id=\"57\" class=\"elementor elementor-57\">\n\t\t\t\t\t\t<section class=\"elementor-section elementor-top-section elementor-element elementor-element-6bf23d8 elementor-section-boxed elementor-section-height-default elementor-section-height-default\" data-id=\"6bf23d8\" data-element_type=\"section\" data-e-type=\"section\" data-settings=\"{&quot;background_background&quot;:&quot;classic&quot;}\">\n\t\t\t\t\t\t<div class=\"elementor-container elementor-column-gap-default\">\n\t\t\t\t\t<div class=\"elementor-column elementor-col-33 elementor-top-column elementor-element elementor-element-0cc9989\" data-id=\"0cc9989\" data-element_type=\"column\" data-e-type=\"column\">\n\t\t\t<div class=\"elementor-widget-wrap elementor-element-populated\">\n\t\t\t\t\t\t<div class=\"elementor-element elementor-element-8402432 elementor-widget elementor-widget-image\" data-id=\"8402432\" data-element_type=\"widget\" data-e-type=\"widget\" data-widget_type=\"image.default\">\n\t\t\t\t<div class=\"elementor-widget-container\">\n\t\t\t\t\t\t\t\t\t\t\t\t\t\t\t<img fetchpriority=\"high\" decoding=\"async\" width=\"800\" height=\"798\" src=\"https:\/\/ensemblewieczorek.at\/wp-content\/uploads\/2023\/07\/ensemble-logo-goldgelb2-1024x1022.png\" class=\"attachment-large size-large wp-image-297\" alt=\"Akkordeonensemble Wieczorek\" srcset=\"https:\/\/ensemblewieczorek.at\/wp-content\/uploads\/2023\/07\/ensemble-logo-goldgelb2-1024x1022.png 1024w, https:\/\/ensemblewieczorek.at\/wp-content\/uploads\/2023\/07\/ensemble-logo-goldgelb2-300x300.png 300w, https:\/\/ensemblewieczorek.at\/wp-content\/uploads\/2023\/07\/ensemble-logo-goldgelb2-150x150.png 150w, https:\/\/ensemblewieczorek.at\/wp-content\/uploads\/2023\/07\/ensemble-logo-goldgelb2-768x766.png 768w, https:\/\/ensemblewieczorek.at\/wp-content\/uploads\/2023\/07\/ensemble-logo-goldgelb2-1536x1532.png 1536w, https:\/\/ensemblewieczorek.at\/wp-content\/uploads\/2023\/07\/ensemble-logo-goldgelb2.png 1706w\" sizes=\"(max-width: 800px) 100vw, 800px\" \/>\t\t\t\t\t\t\t\t\t\t\t\t\t\t\t<\/div>\n\t\t\t\t<\/div>\n\t\t\t\t\t<\/div>\n\t\t<\/div>\n\t\t\t\t<div class=\"elementor-column elementor-col-66 elementor-top-column elementor-element elementor-element-0a0fa2e\" data-id=\"0a0fa2e\" data-element_type=\"column\" data-e-type=\"column\">\n\t\t\t<div class=\"elementor-widget-wrap elementor-element-populated\">\n\t\t\t\t\t\t<div class=\"elementor-element elementor-element-9470eca elementor-widget__width-initial elementor-widget elementor-widget-heading\" data-id=\"9470eca\" data-element_type=\"widget\" data-e-type=\"widget\" data-widget_type=\"heading.default\">\n\t\t\t\t<div class=\"elementor-widget-container\">\n\t\t\t\t\t<h2 class=\"elementor-heading-title elementor-size-default\">Akkordeon<br>ensemble Wieczorek<\/h2>\t\t\t\t<\/div>\n\t\t\t\t<\/div>\n\t\t\t\t<div class=\"elementor-element elementor-element-e55871b elementor-widget elementor-widget-heading\" data-id=\"e55871b\" data-element_type=\"widget\" data-e-type=\"widget\" data-widget_type=\"heading.default\">\n\t\t\t\t<div class=\"elementor-widget-container\">\n\t\t\t\t\t<p class=\"elementor-heading-title elementor-size-default\">gegr\u00fcndet 1973<\/p>\t\t\t\t<\/div>\n\t\t\t\t<\/div>\n\t\t\t\t\t<\/div>\n\t\t<\/div>\n\t\t\t\t\t<\/div>\n\t\t<\/section>\n\t\t\t\t<section class=\"elementor-section elementor-top-section elementor-element elementor-element-13807c1 elementor-section-boxed elementor-section-height-default elementor-section-height-default\" data-id=\"13807c1\" data-element_type=\"section\" data-e-type=\"section\" data-settings=\"{&quot;background_background&quot;:&quot;classic&quot;}\">\n\t\t\t\t\t\t<div class=\"elementor-container elementor-column-gap-default\">\n\t\t\t\t\t<div class=\"elementor-column elementor-col-100 elementor-top-column elementor-element elementor-element-e2d31f2\" data-id=\"e2d31f2\" data-element_type=\"column\" data-e-type=\"column\">\n\t\t\t<div class=\"elementor-widget-wrap elementor-element-populated\">\n\t\t\t\t\t\t<div class=\"elementor-element elementor-element-5fd6019 elementor-widget elementor-widget-text-editor\" data-id=\"5fd6019\" data-element_type=\"widget\" data-e-type=\"widget\" data-widget_type=\"text-editor.default\">\n\t\t\t\t<div class=\"elementor-widget-container\">\n\t\t\t\t\t\t\t\t\t<p class=\"western\" align=\"center\">Die Musik dr\u00fcckt aus, was nicht gesagt werden kann <br \/>und wor\u00fcber es unm\u00f6glich ist, zu schweigen.<\/p><p class=\"western\" align=\"center\">Victor Marie Hugo, (1802 &#8211; 1885), franz\u00f6sischer Lyriker, Romantiker und Maler<\/p>\t\t\t\t\t\t\t\t<\/div>\n\t\t\t\t<\/div>\n\t\t\t\t\t<\/div>\n\t\t<\/div>\n\t\t\t\t\t<\/div>\n\t\t<\/section>\n\t\t\t\t<section class=\"elementor-section elementor-top-section elementor-element elementor-element-985b0c1 elementor-section-boxed elementor-section-height-default elementor-section-height-default\" data-id=\"985b0c1\" data-element_type=\"section\" data-e-type=\"section\">\n\t\t\t\t\t\t<div class=\"elementor-container elementor-column-gap-default\">\n\t\t\t\t\t<div class=\"elementor-column elementor-col-100 elementor-top-column elementor-element elementor-element-4ca9bab\" data-id=\"4ca9bab\" data-element_type=\"column\" data-e-type=\"column\">\n\t\t\t<div class=\"elementor-widget-wrap elementor-element-populated\">\n\t\t\t\t\t\t<div class=\"elementor-element elementor-element-5856e69 elementor-widget elementor-widget-text-editor\" data-id=\"5856e69\" data-element_type=\"widget\" data-e-type=\"widget\" data-widget_type=\"text-editor.default\">\n\t\t\t\t<div class=\"elementor-widget-container\">\n\t\t\t\t\t\t\t\t\t<p>Das Konzert in memoriam Franz Wieczorek ist Geschichte. Es war ein gro\u00dfartiger, ber\u00fchrender Abend im vollbesetzten Stadtsaal in Waidhofen. Wir waren zutiefst bewegt und haben uns sehr gefreut, als pl\u00f6tzlich alle Besucher uns und unser Spiel &#8211; und nat\u00fcrlich das des Waldviertler Schrammeltrios mit Helmut Hutter als S\u00e4nger und hervorragendem Moderator &#8211; mit standing ovations honorniert haben.<\/p><p>Danke all unseren G\u00e4sten, die uns \u00fcber die Jahre hinweg die Treue gehalten haben. Sie alle waren der wichtigste Teil dieses Konzertes &#8211; ohne Sie, ohne unser Publikum, w\u00e4re es nur eine von vielen Proben gewesen&#8230;..<\/p><p>Jetzt haben wir uns in die &#8211; wie wir meinen: wohlverdiente &#8211; Winterpause zur\u00fcckgezogen. Das n\u00e4chste Projekt ist allerdings schon in Planung, hinter den Kulissen laufen schon die ersten Vorbereitungen!<\/p><p>Wir w\u00fcnschen Ihnen allen ein friedliches und gesegnetes Weihnachtsfest! Bleiben Sie gesund &#8211; und horchen Sie in sich hinein: vielleicht sp\u00fcren Sie noch den einen oder anderen Ton unserer Musik in Ihnen schwingen!<\/p><p>,<\/p>\t\t\t\t\t\t\t\t<\/div>\n\t\t\t\t<\/div>\n\t\t\t\t\t<\/div>\n\t\t<\/div>\n\t\t\t\t\t<\/div>\n\t\t<\/section>\n\t\t\t\t<\/div>\n\t\t","protected":false},"excerpt":{"rendered":"<p>Akkordeonensemble Wieczorek gegr\u00fcndet 1973 Die Musik dr\u00fcckt aus, was nicht gesagt werden kann und wor\u00fcber es unm\u00f6glich ist, zu schweigen. Victor Marie Hugo, (1802 &#8211; 1885), franz\u00f6sischer Lyriker, Romantiker und Maler Das Konzert in memoriam Franz Wieczorek ist Geschichte. Es war ein gro\u00dfartiger, ber\u00fchrender Abend im vollbesetzten Stadtsaal in Waidhofen. Wir waren zutiefst bewegt und [&hellip;]<\/p>\n","protected":false},"author":1,"featured_media":0,"parent":0,"menu_order":0,"comment_status":"closed","ping_status":"closed","template":"elementor_header_footer","meta":{"footnotes":""},"class_list":["post-57","page","type-page","status-publish","hentry"],"_links":{"self":[{"href":"https:\/\/ensemblewieczorek.at\/index.php?rest_route=\/wp\/v2\/pages\/57","targetHints":{"allow":["GET"]}}],"collection":[{"href":"https:\/\/ensemblewieczorek.at\/index.php?rest_route=\/wp\/v2\/pages"}],"about":[{"href":"https:\/\/ensemblewieczorek.at\/index.php?rest_route=\/wp\/v2\/types\/page"}],"author":[{"embeddable":true,"href":"https:\/\/ensemblewieczorek.at\/index.php?rest_route=\/wp\/v2\/users\/1"}],"replies":[{"embeddable":true,"href":"https:\/\/ensemblewieczorek.at\/index.php?rest_route=%2Fwp%2Fv2%2Fcomments&post=57"}],"version-history":[{"count":90,"href":"https:\/\/ensemblewieczorek.at\/index.php?rest_route=\/wp\/v2\/pages\/57\/revisions"}],"predecessor-version":[{"id":1065,"href":"https:\/\/ensemblewieczorek.at\/index.php?rest_route=\/wp\/v2\/pages\/57\/revisions\/1065"}],"wp:attachment":[{"href":"https:\/\/ensemblewieczorek.at\/index.php?rest_route=%2Fwp%2Fv2%2Fmedia&parent=57"}],"curies":[{"name":"wp","href":"https:\/\/api.w.org\/{rel}","templated":true}]}}