{"id":642,"date":"2025-08-27T17:14:58","date_gmt":"2025-08-27T17:14:58","guid":{"rendered":"https:\/\/ensemblewieczorek.at\/?page_id=642"},"modified":"2025-09-11T09:13:30","modified_gmt":"2025-09-11T09:13:30","slug":"franz","status":"publish","type":"page","link":"https:\/\/ensemblewieczorek.at\/?page_id=642","title":{"rendered":"Franz"},"content":{"rendered":"\t\t<div data-elementor-type=\"wp-page\" data-elementor-id=\"642\" class=\"elementor elementor-642\">\n\t\t\t\t\t\t<section class=\"elementor-section elementor-top-section elementor-element elementor-element-41dbc4b9 elementor-section-boxed elementor-section-height-default elementor-section-height-default\" data-id=\"41dbc4b9\" data-element_type=\"section\" data-e-type=\"section\">\n\t\t\t\t\t\t<div class=\"elementor-container elementor-column-gap-default\">\n\t\t\t\t\t<div class=\"elementor-column elementor-col-100 elementor-top-column elementor-element elementor-element-1dda21d0\" data-id=\"1dda21d0\" data-element_type=\"column\" data-e-type=\"column\">\n\t\t\t<div class=\"elementor-widget-wrap elementor-element-populated\">\n\t\t\t\t\t\t<section class=\"elementor-section elementor-inner-section elementor-element elementor-element-177d65a2 elementor-section-boxed elementor-section-height-default elementor-section-height-default\" data-id=\"177d65a2\" data-element_type=\"section\" data-e-type=\"section\">\n\t\t\t\t\t\t<div class=\"elementor-container elementor-column-gap-default\">\n\t\t\t\t\t<div class=\"elementor-column elementor-col-50 elementor-inner-column elementor-element elementor-element-4df2cf2\" data-id=\"4df2cf2\" data-element_type=\"column\" data-e-type=\"column\">\n\t\t\t<div class=\"elementor-widget-wrap elementor-element-populated\">\n\t\t\t\t\t\t<div class=\"elementor-element elementor-element-56fa2c12 elementor-widget elementor-widget-image\" data-id=\"56fa2c12\" data-element_type=\"widget\" data-e-type=\"widget\" data-widget_type=\"image.default\">\n\t\t\t\t<div class=\"elementor-widget-container\">\n\t\t\t\t\t\t\t\t\t\t\t\t\t\t\t<img fetchpriority=\"high\" decoding=\"async\" width=\"426\" height=\"639\" src=\"https:\/\/ensemblewieczorek.at\/wp-content\/uploads\/2023\/07\/0015.jpg\" class=\"attachment-large size-large wp-image-303\" alt=\"\" srcset=\"https:\/\/ensemblewieczorek.at\/wp-content\/uploads\/2023\/07\/0015.jpg 426w, https:\/\/ensemblewieczorek.at\/wp-content\/uploads\/2023\/07\/0015-200x300.jpg 200w\" sizes=\"(max-width: 426px) 100vw, 426px\" \/>\t\t\t\t\t\t\t\t\t\t\t\t\t\t\t<\/div>\n\t\t\t\t<\/div>\n\t\t\t\t<div class=\"elementor-element elementor-element-98c6641 elementor-widget elementor-widget-text-editor\" data-id=\"98c6641\" data-element_type=\"widget\" data-e-type=\"widget\" data-widget_type=\"text-editor.default\">\n\t\t\t\t<div class=\"elementor-widget-container\">\n\t\t\t\t\t\t\t\t\t<p><em><strong><u>Musikalischer Lebenslauf<\/u><\/strong><\/em><\/p><p><em>1960-64 Akkordeonunterricht an der Albert Reiter Musikschule Waidhofen\/Thaya.<\/em><\/p><p><em>1964-72 Unterricht bei Prof.Viktor Winklbauer in Wien.<\/em><\/p><p><em>1973: Gr\u00fcndung des &#8222;Ensemble Wieczorek&#8220;<\/em><\/p><p><em>1973-75 Lehrerseminar des N\u00d6 Musikschulwerkes und Ablegung der Lehrbef\u00e4higungspr\u00fcfung als Lehrer an den N\u00d6 Musikschulen bei Prof. Walter Maurer.<\/em><\/p><p><em>1969-1996 und wieder ab 2012 Akkordeonlehrer an der St\u00e4dt. Albert Reiter Musikschule Waidhofen\/Thaya.<\/em><\/p><p><em>ab 2010 intensive Pflege der Schrammel- und Packelmusik<\/em><\/p><p><em>Franz besa\u00df vier Tastenakkordeons (eines davon extra f\u00fcr ihn in Castelfigardo in der sogenannten Wiener Stimmung handgefertigtes Instrument) sowie drei Steirische Harmonikas<\/em><\/p><p><em>Tr\u00e4ger des Kulturehrenzeichens der Stadt Waidhofen\/Thaya und<\/em><br \/><em>Tr\u00e4ger des Goldenen Ehrenzeichens des HV\u00d6<\/em><\/p>\t\t\t\t\t\t\t\t<\/div>\n\t\t\t\t<\/div>\n\t\t\t\t\t<\/div>\n\t\t<\/div>\n\t\t\t\t<div class=\"elementor-column elementor-col-50 elementor-inner-column elementor-element elementor-element-60488b92\" data-id=\"60488b92\" data-element_type=\"column\" data-e-type=\"column\">\n\t\t\t<div class=\"elementor-widget-wrap elementor-element-populated\">\n\t\t\t\t\t\t<div class=\"elementor-element elementor-element-36317303 elementor-widget elementor-widget-text-editor\" data-id=\"36317303\" data-element_type=\"widget\" data-e-type=\"widget\" data-widget_type=\"text-editor.default\">\n\t\t\t\t<div class=\"elementor-widget-container\">\n\t\t\t\t\t\t\t\t\t<p>geboren am 21.12.1949 in Waidhofen\/Thaya.<\/p><p>gestorben am 22.1.2025<\/p><p>Franz, der seit seiner Kindheit sowohl an der Albert Reiter Musikschule in seinem Heimatort Waidhofen an der Thaya als auch bei Prof. Viktor Winklbauer in Wien das Akkordeonspiel von der Pike auf lernte, gr\u00fcndete 1973 das <em>Ensemble Wieczorek, <\/em>welches ihm bis zu seinem Tod eine echte Herzensangelegenheit war.<\/p><p>Am 22. J\u00e4nner 2025 mussten wir ersch\u00fcttert die Nachricht vom Ableben unseres Freundes Franz entgegennehmen, der den Folgen eines schweren Unfalls auf seinem geliebten Bauernhof im Mai 2023 erlag.<\/p><p>Wir haben mit Franz einen Freund verloren, einen Menschen, der uns nicht nur Musik nahebrachte, sondern es in seiner unverwechselbaren Art und Weise schaffte, eine Gemeinschaft, ein Team zu formen in dem es Spa\u00df und Freude machte, gemeinsam zu musizieren.<\/p><p>Der musikalische Vater und auch stolzer Gro\u00dfvater seiner (akkordeonistischen!) Enkel Christian, Doris und Michi war nicht nur der Hauptsponsor des Ensembles, sondern auch Motor desselben. Das ging so weit, dass wir ohne Chef nicht probten &#8211; somit war es ein leichtes f\u00fcr ihn, in der Probenbesuchsstatistik in f\u00fchrender Position zu sein.<\/p><p>Ein wahrhaft vielseitiger Meister seines Instruments, der das Akkordeon in all seinen Facetten zum Klingen brachte (erinnert sich TAM-Principal Ewald Polacek)<\/p><p>Ausgezeichnet durch schier grenzenlose Geduld und Gutm\u00fctigkeit war er traditionell &#8211; sprich seit 1973 &#8211; Bassist des Ensembles (&#8222;Der Bass ist das Fundament des Orchesters&#8220;).<\/p><p>Er war Pension\u00e4r am mittlerweile seit 2011 von seinem Sohn Thomas gef\u00fchrten Bauernhofe. Seinen Hof hat er stets mit Leidenschaft und geh\u00f6rigem Know-how gef\u00fchrt, er war mit Leib und Seele Landwirt, nicht nur Produzent der k\u00f6stlichsten Erd\u00e4pfel (und zuvor auch jahrelang Rindviecher) die es gibt, sondern auch essenzieller Nahversorger! Sein Hof war des \u00d6fteren perfekte Location f\u00fcr Feste! Auch wurde so manche Probe durch K\u00f6stlichkeiten, die am heimischen Herde entstanden (oscarverd\u00e4chtig f\u00fcr Regie und Hauptdarstellerin: Grete Wieczorek), verfeinert.<\/p><p>Jahrzehntelanges gemeinsames Musizieren, Proben, Konzerte, Wettbewerbe &#8211; das hat uns gewaltig zusammen geschwei\u00dft &#8211; auch wenn wir nicht immer dieselben Mitspieler im Ensemble waren &#8211; die Verbundenheit zu Franz und zum Ensemble war sp\u00fcrbar und ist nach wie vor vorhanden. Sie macht sich nicht zuletzt dadurch bemerkbar, dass die weiteren drei Gr\u00fcndungsmitglieder Bernhard, Monika und Linde nach wie vor aktive Mitglieder sind, sondern auch, dass nach mehreren Jahren Auszeit ehemalige Mitspielerinnen wieder Teil der Gemeinschaft geworden sind und das Ensemble aktuell die h\u00f6chste aktive Spieler:innenzahl seit 1973 hat. Besonders freut uns, dass wir Franz\u2018 Sohn (sowie akkordeonistischen Enkel) Thomas in unserer Mitte willkommen hei\u00dfen d\u00fcrfen.<\/p><p>Wir sind froh und stolz, einen Menschen wie Franz zum Mentor, zum Lehrer, zum Freund gehabt zu haben.<\/p><p>Slogan: Muss ich immer noch vorz\u00e4hlen?!<\/p><p><strong>Franz, wir vermissen dich!<\/strong><\/p>\t\t\t\t\t\t\t\t<\/div>\n\t\t\t\t<\/div>\n\t\t\t\t\t<\/div>\n\t\t<\/div>\n\t\t\t\t\t<\/div>\n\t\t<\/section>\n\t\t\t\t\t<\/div>\n\t\t<\/div>\n\t\t\t\t\t<\/div>\n\t\t<\/section>\n\t\t\t\t<\/div>\n\t\t","protected":false},"excerpt":{"rendered":"<p>Musikalischer Lebenslauf 1960-64 Akkordeonunterricht an der Albert Reiter Musikschule Waidhofen\/Thaya. 1964-72 Unterricht bei Prof.Viktor Winklbauer in Wien. 1973: Gr\u00fcndung des &#8222;Ensemble Wieczorek&#8220; 1973-75 Lehrerseminar des N\u00d6 Musikschulwerkes und Ablegung der Lehrbef\u00e4higungspr\u00fcfung als Lehrer an den N\u00d6 Musikschulen bei Prof. Walter Maurer. 1969-1996 und wieder ab 2012 Akkordeonlehrer an der St\u00e4dt. Albert Reiter Musikschule Waidhofen\/Thaya. ab [&hellip;]<\/p>\n","protected":false},"author":2,"featured_media":0,"parent":0,"menu_order":0,"comment_status":"closed","ping_status":"closed","template":"","meta":{"footnotes":""},"class_list":["post-642","page","type-page","status-publish","hentry"],"_links":{"self":[{"href":"https:\/\/ensemblewieczorek.at\/index.php?rest_route=\/wp\/v2\/pages\/642","targetHints":{"allow":["GET"]}}],"collection":[{"href":"https:\/\/ensemblewieczorek.at\/index.php?rest_route=\/wp\/v2\/pages"}],"about":[{"href":"https:\/\/ensemblewieczorek.at\/index.php?rest_route=\/wp\/v2\/types\/page"}],"author":[{"embeddable":true,"href":"https:\/\/ensemblewieczorek.at\/index.php?rest_route=\/wp\/v2\/users\/2"}],"replies":[{"embeddable":true,"href":"https:\/\/ensemblewieczorek.at\/index.php?rest_route=%2Fwp%2Fv2%2Fcomments&post=642"}],"version-history":[{"count":28,"href":"https:\/\/ensemblewieczorek.at\/index.php?rest_route=\/wp\/v2\/pages\/642\/revisions"}],"predecessor-version":[{"id":986,"href":"https:\/\/ensemblewieczorek.at\/index.php?rest_route=\/wp\/v2\/pages\/642\/revisions\/986"}],"wp:attachment":[{"href":"https:\/\/ensemblewieczorek.at\/index.php?rest_route=%2Fwp%2Fv2%2Fmedia&parent=642"}],"curies":[{"name":"wp","href":"https:\/\/api.w.org\/{rel}","templated":true}]}}